{"id":3039,"date":"2011-10-28T10:24:34","date_gmt":"2011-10-28T14:24:34","guid":{"rendered":"https:\/\/www.focussf.ca\/faq\/"},"modified":"2019-12-11T09:53:06","modified_gmt":"2019-12-11T14:53:06","slug":"faq","status":"publish","type":"page","link":"https:\/\/focussf.ca\/en\/faq\/","title":{"rendered":"FAQ"},"content":{"rendered":"\t\t<div data-elementor-type=\"wp-page\" data-elementor-id=\"3039\" class=\"elementor elementor-3039 elementor-150\">\n\t\t\t\t\t\t<section class=\"penci-section penci-disSticky penci-structure-10 elementor-section elementor-top-section elementor-element elementor-element-7b253a34 elementor-section-boxed elementor-section-height-default elementor-section-height-default\" data-id=\"7b253a34\" data-element_type=\"section\" data-e-type=\"section\">\n\t\t\t\t\t\t<div class=\"elementor-container elementor-column-gap-default\">\n\t\t\t\t\t<div class=\"penci-ercol-100 penci-ercol-order-1 penci-sticky-ct    elementor-column elementor-col-100 elementor-top-column elementor-element elementor-element-c3d81cc\" data-id=\"c3d81cc\" data-element_type=\"column\" data-e-type=\"column\">\n\t\t\t<div class=\"elementor-widget-wrap elementor-element-populated\">\n\t\t\t\t\t\t<div class=\"elementor-element elementor-element-4f2cd86 elementor-widget elementor-widget-text-editor\" data-id=\"4f2cd86\" data-element_type=\"widget\" data-e-type=\"widget\" data-widget_type=\"text-editor.default\">\n\t\t\t\t<div class=\"elementor-widget-container\">\n\t\t\t\t\t\t\t\t\t<h3>Frequently asked questions<\/h3>\t\t\t\t\t\t\t\t<\/div>\n\t\t\t\t<\/div>\n\t\t\t\t<div class=\"elementor-element elementor-element-e07bf73 elementor-widget elementor-widget-accordion\" data-id=\"e07bf73\" data-element_type=\"widget\" data-e-type=\"widget\" data-widget_type=\"accordion.default\">\n\t\t\t\t<div class=\"elementor-widget-container\">\n\t\t\t\t\t\t\t<div class=\"elementor-accordion\">\n\t\t\t\t\t\t\t<div class=\"elementor-accordion-item\">\n\t\t\t\t\t<div id=\"elementor-tab-title-2351\" class=\"elementor-tab-title\" data-tab=\"1\" role=\"button\" aria-controls=\"elementor-tab-content-2351\" aria-expanded=\"false\">\n\t\t\t\t\t\t\t\t\t\t\t\t\t<span class=\"elementor-accordion-icon elementor-accordion-icon-left\" aria-hidden=\"true\">\n\t\t\t\t\t\t\t\t\t\t\t\t\t\t\t<span class=\"elementor-accordion-icon-closed\"><i class=\"fas fa-plus-square\"><\/i><\/span>\n\t\t\t\t\t\t\t\t<span class=\"elementor-accordion-icon-opened\"><i class=\"fas fa-minus-square\"><\/i><\/span>\n\t\t\t\t\t\t\t\t\t\t\t\t\t\t<\/span>\n\t\t\t\t\t\t\t\t\t\t\t\t<a class=\"elementor-accordion-title\" tabindex=\"0\">What can I expect from a first meeting?<\/a>\n\t\t\t\t\t<\/div>\n\t\t\t\t\t<div id=\"elementor-tab-content-2351\" class=\"elementor-tab-content elementor-clearfix\" data-tab=\"1\" role=\"region\" aria-labelledby=\"elementor-tab-title-2351\"><p>The first meeting involves no obligation on your part and is free. The objective to get to know each other and also determine your goals and expectations in order to establish a strong and pleasant relationship. It also allows you to learn more about our firm, our services, our philosophy and our infrastructure. It also helps determine if we are able to meet your expectations.<\/p><\/div>\n\t\t\t\t<\/div>\n\t\t\t\t\t\t\t<div class=\"elementor-accordion-item\">\n\t\t\t\t\t<div id=\"elementor-tab-title-2352\" class=\"elementor-tab-title\" data-tab=\"2\" role=\"button\" aria-controls=\"elementor-tab-content-2352\" aria-expanded=\"false\">\n\t\t\t\t\t\t\t\t\t\t\t\t\t<span class=\"elementor-accordion-icon elementor-accordion-icon-left\" aria-hidden=\"true\">\n\t\t\t\t\t\t\t\t\t\t\t\t\t\t\t<span class=\"elementor-accordion-icon-closed\"><i class=\"fas fa-plus-square\"><\/i><\/span>\n\t\t\t\t\t\t\t\t<span class=\"elementor-accordion-icon-opened\"><i class=\"fas fa-minus-square\"><\/i><\/span>\n\t\t\t\t\t\t\t\t\t\t\t\t\t\t<\/span>\n\t\t\t\t\t\t\t\t\t\t\t\t<a class=\"elementor-accordion-title\" tabindex=\"0\">Who keeps my money safe?<\/a>\n\t\t\t\t\t<\/div>\n\t\t\t\t\t<div id=\"elementor-tab-content-2352\" class=\"elementor-tab-content elementor-clearfix\" data-tab=\"2\" role=\"region\" aria-labelledby=\"elementor-tab-title-2352\"><p>TD Canada Trust acts as a trustee for all of our registered plans, and as such, the amounts held in cash from these accounts are protected by the Canada Deposit Insurance Corporation (CDIC). As a result, all the money invested with us is immediately transferred to our trustee to settle the transactions. PEAK Securities Inc. is not owned by TD Bank and remains fully independent, it is also a member of the Canadian Investor Protection Fund (CIPF).<\/p><p>\u00a0<\/p><p>PEAK Financial Group is audited annually by various Canadian regulators. In addition, Peak subscribes to an insurance protecting against loss of certificates and internal computer fraud.<\/p><p>\u00a0<\/p><p>Sylvain Lapointe and FOCUS Financial Services are regulated by l\u2019Autorit\u00e9 des March\u00e9s Financiers and la Chambre de S\u00e9curit\u00e9 Financi\u00e8re, which requires ongoing professional development and follows a strict ethics code. La Chambre de S\u00e9curit\u00e9 Financi\u00e8re is also responsible for administering the Financial Services Compensation Fund. This fund may compensate victims of fraud, fraudulent schemes or embezzlement for which a firm, a self-employed representative or an autonomous company is responsible. Its main mission is therefore the public protection since it determines the claims admissibility presented to them and determines the amount of compensation to be paid.<\/p><p>You can validate Sylvain Lapointe&#8217;s registration with l\u2019Autorit\u00e9 des March\u00e9s Financiers under the Team tab.<\/p><\/div>\n\t\t\t\t<\/div>\n\t\t\t\t\t\t\t<div class=\"elementor-accordion-item\">\n\t\t\t\t\t<div id=\"elementor-tab-title-2353\" class=\"elementor-tab-title\" data-tab=\"3\" role=\"button\" aria-controls=\"elementor-tab-content-2353\" aria-expanded=\"false\">\n\t\t\t\t\t\t\t\t\t\t\t\t\t<span class=\"elementor-accordion-icon elementor-accordion-icon-left\" aria-hidden=\"true\">\n\t\t\t\t\t\t\t\t\t\t\t\t\t\t\t<span class=\"elementor-accordion-icon-closed\"><i class=\"fas fa-plus-square\"><\/i><\/span>\n\t\t\t\t\t\t\t\t<span class=\"elementor-accordion-icon-opened\"><i class=\"fas fa-minus-square\"><\/i><\/span>\n\t\t\t\t\t\t\t\t\t\t\t\t\t\t<\/span>\n\t\t\t\t\t\t\t\t\t\t\t\t<a class=\"elementor-accordion-title\" tabindex=\"0\">How does an independent advisor works<\/a>\n\t\t\t\t\t<\/div>\n\t\t\t\t\t<div id=\"elementor-tab-content-2353\" class=\"elementor-tab-content elementor-clearfix\" data-tab=\"3\" role=\"region\" aria-labelledby=\"elementor-tab-title-2353\"><p>An independent financial advisor is an expert free of any conflict. It offers no in-house financial products and is free to recommend the solution that best suits its client. Whether the advisor&#8217;s remuneration is commission or fee, the investor does not have to pay a supplement because of this independence. Instead of the remuneration going in-house, it is simply redirected to the external, to the independent advisor. In other words, dealing with an independent advisor is not more expensive.<\/p><\/div>\n\t\t\t\t<\/div>\n\t\t\t\t\t\t\t<div class=\"elementor-accordion-item\">\n\t\t\t\t\t<div id=\"elementor-tab-title-2354\" class=\"elementor-tab-title\" data-tab=\"4\" role=\"button\" aria-controls=\"elementor-tab-content-2354\" aria-expanded=\"false\">\n\t\t\t\t\t\t\t\t\t\t\t\t\t<span class=\"elementor-accordion-icon elementor-accordion-icon-left\" aria-hidden=\"true\">\n\t\t\t\t\t\t\t\t\t\t\t\t\t\t\t<span class=\"elementor-accordion-icon-closed\"><i class=\"fas fa-plus-square\"><\/i><\/span>\n\t\t\t\t\t\t\t\t<span class=\"elementor-accordion-icon-opened\"><i class=\"fas fa-minus-square\"><\/i><\/span>\n\t\t\t\t\t\t\t\t\t\t\t\t\t\t<\/span>\n\t\t\t\t\t\t\t\t\t\t\t\t<a class=\"elementor-accordion-title\" tabindex=\"0\">Who is Peak Securities Inc.?<\/a>\n\t\t\t\t\t<\/div>\n\t\t\t\t\t<div id=\"elementor-tab-content-2354\" class=\"elementor-tab-content elementor-clearfix\" data-tab=\"4\" role=\"region\" aria-labelledby=\"elementor-tab-title-2354\"><p>With more than $10 billion in assets under administration, PEAK Financial Group is positioned as a leader in fully independent multidisciplinary brokerage groups. Present from east to west, PEAK Financial Group has more than 1,500 registered independent advisors, professionals and employees across Canada, enabling them to successfully serve more than 150,000 investors (retail network) in providing impartial financial advice and without conflict of interest.<\/p><p>PEAK Securities Inc. is an entity of peak Financial Group. PEAK Securities Inc. is also a member of the Canadian Investor Protection Fund (CIPF).<\/p><p>I&#8217;ll turn you over to the company&#8217;s website for more information: <a href=\"http:\/\/www.peakgroup.com\/publicweb\/index.php\/en\" target=\"_blank\" rel=\"noopener\">Peak Financial Group Inc.<\/a><\/p><\/div>\n\t\t\t\t<\/div>\n\t\t\t\t\t\t\t\t<\/div>\n\t\t\t\t\t\t<\/div>\n\t\t\t\t<\/div>\n\t\t\t\t\t<\/div>\n\t\t<\/div>\n\t\t\t\t\t<\/div>\n\t\t<\/section>\n\t\t\t\t<\/div>\n\t\t","protected":false},"excerpt":{"rendered":"<p>Frequently asked questions What can I expect from a first meeting? The first meeting involves no obligation on your part and is free. The objective to get to know each&hellip;<\/p>\n","protected":false},"author":2,"featured_media":0,"parent":0,"menu_order":8,"comment_status":"closed","ping_status":"closed","template":"","meta":{"_lmt_disableupdate":"","_lmt_disable":"","footnotes":""},"class_list":["post-3039","page","type-page","status-publish","hentry"],"aioseo_notices":[],"_links":{"self":[{"href":"https:\/\/focussf.ca\/en\/wp-json\/wp\/v2\/pages\/3039","targetHints":{"allow":["GET"]}}],"collection":[{"href":"https:\/\/focussf.ca\/en\/wp-json\/wp\/v2\/pages"}],"about":[{"href":"https:\/\/focussf.ca\/en\/wp-json\/wp\/v2\/types\/page"}],"author":[{"embeddable":true,"href":"https:\/\/focussf.ca\/en\/wp-json\/wp\/v2\/users\/2"}],"replies":[{"embeddable":true,"href":"https:\/\/focussf.ca\/en\/wp-json\/wp\/v2\/comments?post=3039"}],"version-history":[{"count":16,"href":"https:\/\/focussf.ca\/en\/wp-json\/wp\/v2\/pages\/3039\/revisions"}],"predecessor-version":[{"id":3313,"href":"https:\/\/focussf.ca\/en\/wp-json\/wp\/v2\/pages\/3039\/revisions\/3313"}],"wp:attachment":[{"href":"https:\/\/focussf.ca\/en\/wp-json\/wp\/v2\/media?parent=3039"}],"curies":[{"name":"wp","href":"https:\/\/api.w.org\/{rel}","templated":true}]}}