{"id":1605,"date":"2013-05-14T11:15:20","date_gmt":"2013-05-14T15:15:20","guid":{"rendered":"http:\/\/focussf.ca\/?page_id=1605"},"modified":"2013-09-11T11:39:54","modified_gmt":"2013-09-11T15:39:54","slug":"press-reviews","status":"publish","type":"page","link":"https:\/\/focussf.ca\/en\/press-reviews\/","title":{"rendered":"Press Reviews"},"content":{"rendered":"<h1><strong><strong>We had the opportunity to analyze real financial cases over the years and appear in some newspapers:<\/strong><\/strong><\/h1>\n<p><a href=\"http:\/\/focussf.ca\/wp-content\/uploads\/2011\/10\/Finance-et-investissement-06022013.pdf\">Finance et investissement 06022013<\/a> &#8211; Choisir les march\u00e9s \u00e9mergents sans leur volatilit\u00e9<\/p>\n<p><a href=\"http:\/\/focussf.ca\/wp-content\/uploads\/2012\/11\/Financeetinvestissement-112012.pdf\">Financeetinvestissement 112012<\/a>&#8211; CELI: des strat\u00e9gies avantageuses<\/p>\n<p><a title=\"Des FNB pour diminuer la volatilit\u00e9  \" href=\"http:\/\/focussf.ca\/wp-content\/uploads\/2011\/10\/LaPresse-05032012.pdf\" target=\"_blank\">LaPresse 05032012<\/a> &#8211; Des FNB pour diminuer la volatilit\u00e9<\/p>\n<p><a title=\"REER ou hypoth\u00e8que\" href=\"http:\/\/focussf.ca\/wp-content\/uploads\/2011\/10\/LaPresse-14012012.pdf\" target=\"_blank\">LaPresse 14012012<\/a> &#8211; REER ou hypoth\u00e8que ?<\/p>\n<p><a title=\"Libert\u00e9 55 en p\u00e9ril ?\" href=\"http:\/\/focussf.ca\/wp-content\/uploads\/2011\/11\/LaPresse-15102011.pdf\" target=\"_blank\">LaPresse 15102011<\/a> &#8211; Libert\u00e9 55 en p\u00e9ril ?<\/p>\n<p><a title=\"Comment payer moins d'imp\u00f4t \u00e0 la retraite\" href=\"http:\/\/focussf.ca\/wp-content\/uploads\/2011\/10\/LaPresse-02092007.pdf\" target=\"_blank\">LaPresse 02092007<\/a> &#8211; Comment payer moins d&#8217;imp\u00f4t \u00e0 la retraite<\/p>\n<p><a title=\"10 moyens pour aider les familles monoparentales\" href=\"http:\/\/focussf.ca\/wp-content\/uploads\/2011\/11\/LesAffaires-07042007.pdf\" target=\"_blank\">LesAffaires 07042007<\/a> &#8211; 10 moyens pour aider les familles monoparentales<\/p>\n<p><a title=\"Sacrifier sa maison pour sa retraite\" href=\"http:\/\/focussf.ca\/wp-content\/uploads\/2011\/11\/LaPresse-12122004.pdf\" target=\"_blank\">LaPresse 12122004<\/a> &#8211; Sacrifier sa maison pour sa retraite<\/p>\n<p><a title=\"Plan sur mesure pour s'offrir une &quot;rallonge&quot; de 300 $ par mois\" href=\"http:\/\/focussf.ca\/wp-content\/uploads\/2011\/10\/LaPresse-11072004.pdf\" target=\"_blank\">LaPresse 11072004<\/a> &#8211; Plan sur mesure pour s&#8217;offrir une &#8220;rallonge&#8221; de 300 $ par mois<\/p>\n<p><a title=\"Amodio devra-t-il retourner au travail?\" href=\"http:\/\/focussf.ca\/wp-content\/uploads\/2011\/11\/LaPresse-310420041.pdf\" target=\"_blank\">LaPresse 31042004<\/a> &#8211; Amodio devra-t-il retourner au travail?<\/p>\n<p><a title=\"Wonder woman\" href=\"http:\/\/focussf.ca\/wp-content\/uploads\/2011\/11\/National-Post-012001.pdf\" target=\"_blank\">National Post 012001<\/a> &#8211; Wonder woman<\/p>\n<p style=\"text-align: center;\"><span style=\"text-decoration: underline;\"><strong>Le Groupe financier PEAK dans les journaux<\/strong><\/span><\/p>\n<p style=\"text-align: left;\"><a title=\"13e du Top 25 de Finance et Investissement\" href=\"http:\/\/focussf.ca\/wp-content\/uploads\/2011\/10\/Top-25-2012.pdf\" target=\"_blank\">Top 25 f\u00e9vrier 2012<\/a> &#8211; 13e du Top 25 de Finance et Investissement<\/p>\n<p style=\"text-align: left;\"><a title=\"Entrepreneur of the year award\" href=\"http:\/\/focussf.ca\/wp-content\/uploads\/2011\/10\/Entrepreneur-of-the-year-FP.pdf\" target=\"_blank\">Financial Post October2011<\/a> &#8211; Entrepreneur of the year award<\/p>\n<p style=\"text-align: left;\"><a title=\"15e du Top 25 de Finance et Investissement\" href=\"http:\/\/focussf.ca\/wp-content\/uploads\/2011\/10\/Top-25-2011.pdf\" target=\"_blank\">Top 25 f\u00e9vrier 2011<\/a> &#8211; 15e du Top 25 de Finance et Investissement<\/p>\n<p style=\"text-align: left;\"><a title=\"9e du Top 25 de Finance et Investissement\" href=\"http:\/\/focussf.ca\/wp-content\/uploads\/2011\/10\/Top_25-2010.pdf\" target=\"_blank\">Top 25 f\u00e9vrier 2010<\/a> &#8211; 9e du Top 25 de Finance et Investissement<\/p>\n<p style=\"text-align: left;\"><a title=\"3e des 20 compagnies les plus dynamiques au Canada\" href=\"http:\/\/focussf.ca\/wp-content\/uploads\/2011\/10\/les_quebecoises.pdf\" target=\"_blank\">L&#8217;Actualit\u00e9 Juin 1998<\/a> &#8211; 3e des 20 compagnies les plus dynamiques au Canada<\/p>\n<p style=\"text-align: left;\"><a title=\"Canada's Fastest Growing Companies\" href=\"http:\/\/focussf.ca\/wp-content\/uploads\/2011\/10\/profit100.pdf\" target=\"_blank\">Profit100 June 1998<\/a> &#8211; Canada&#8217;s Fastest Growing Companies<\/p>\n<p><a href=\"http:\/\/focussf.ca\/wp-content\/uploads\/2011\/10\/Finance-et-investissement-06022013.pdf\">Finance et investissement 06022013<\/a> &#8211; Choisir les march\u00e9s \u00e9mergents sans leur volatilit\u00e9<\/p>\n<p><a href=\"http:\/\/focussf.ca\/wp-content\/uploads\/2012\/11\/Financeetinvestissement-112012.pdf\">Financeetinvestissement 112012<\/a>&#8211; CELI: des strat\u00e9gies avantageuses<\/p>\n<p><a title=\"Des FNB pour diminuer la volatilit\u00e9\" href=\"http:\/\/focussf.ca\/wp-content\/uploads\/2011\/10\/LaPresse-05032012.pdf\" target=\"_blank\">LaPresse 05032012<\/a> &#8211; Des FNB pour diminuer la volatilit\u00e9<\/p>\n<p><a title=\"REER ou hypoth\u00e8que\" href=\"http:\/\/focussf.ca\/wp-content\/uploads\/2011\/10\/LaPresse-14012012.pdf\" target=\"_blank\">LaPresse 14012012<\/a> &#8211; REER ou hypoth\u00e8que ?<\/p>\n<p><a title=\"Libert\u00e9 55 en p\u00e9ril ?\" href=\"http:\/\/focussf.ca\/wp-content\/uploads\/2011\/11\/LaPresse-15102011.pdf\" target=\"_blank\">LaPresse 15102011<\/a> &#8211; Libert\u00e9 55 en p\u00e9ril ?<\/p>\n<p><a title=\"Comment payer moins d'imp\u00f4t \u00e0 la retraite\" href=\"http:\/\/focussf.ca\/wp-content\/uploads\/2011\/10\/LaPresse-02092007.pdf\" target=\"_blank\">LaPresse 02092007<\/a> &#8211; Comment payer moins d&#8217;imp\u00f4t \u00e0 la retraite<\/p>\n<p><a title=\"10 moyens pour aider les familles monoparentales\" href=\"http:\/\/focussf.ca\/wp-content\/uploads\/2011\/11\/LesAffaires-07042007.pdf\" target=\"_blank\">LesAffaires 07042007<\/a> &#8211; 10 moyens pour aider les familles monoparentales<\/p>\n<p><a title=\"Sacrifier sa maison pour sa retraite\" href=\"http:\/\/focussf.ca\/wp-content\/uploads\/2011\/11\/LaPresse-12122004.pdf\" target=\"_blank\">LaPresse 12122004<\/a> &#8211; Sacrifier sa maison pour sa retraite<\/p>\n<p><a title=\"Plan sur mesure pour s'offrir une &quot;rallonge&quot; de 300 $ par mois\" href=\"http:\/\/focussf.ca\/wp-content\/uploads\/2011\/10\/LaPresse-11072004.pdf\" target=\"_blank\">LaPresse 11072004<\/a> &#8211; Plan sur mesure pour s&#8217;offrir une &#8220;rallonge&#8221; de 300 $ par mois<\/p>\n<p><a title=\"Amodio devra-t-il retourner au travail?\" href=\"http:\/\/focussf.ca\/wp-content\/uploads\/2011\/11\/LaPresse-310420041.pdf\" target=\"_blank\">LaPresse 31042004<\/a> &#8211; Amodio devra-t-il retourner au travail?<\/p>\n<p><a title=\"Wonder woman\" href=\"http:\/\/focussf.ca\/wp-content\/uploads\/2011\/11\/National-Post-012001.pdf\" target=\"_blank\">National Post 012001<\/a> &#8211; Wonder woman<\/p>\n<p style=\"text-align: center;\"><strong style=\"text-align: center;\">PEAK Financial group in the papers<\/strong><\/p>\n<p><a title=\"13e du Top 25 de Finance et Investissement\" href=\"http:\/\/focussf.ca\/wp-content\/uploads\/2011\/10\/Top-25-2012.pdf\" target=\"_blank\">Top 25 f\u00e9vrier 2012<\/a> &#8211; 13e du Top 25 de Finance et Investissement<\/p>\n<p><a title=\"Entrepreneur of the year award\" href=\"http:\/\/focussf.ca\/wp-content\/uploads\/2011\/10\/Entrepreneur-of-the-year-FP.pdf\" target=\"_blank\">Financial Post October2011<\/a> &#8211; Entrepreneur of the year award<\/p>\n<p><a title=\"15e du Top 25 de Finance et Investissement\" href=\"http:\/\/focussf.ca\/wp-content\/uploads\/2011\/10\/Top-25-2011.pdf\" target=\"_blank\">Top 25 f\u00e9vrier 2011<\/a> &#8211; 15e du Top 25 de Finance et Investissement<\/p>\n<p><a title=\"9e du Top 25 de Finance et Investissement\" href=\"http:\/\/focussf.ca\/wp-content\/uploads\/2011\/10\/Top_25-2010.pdf\" target=\"_blank\">Top 25 f\u00e9vrier 2010<\/a> &#8211; 9e du Top 25 de Finance et Investissement<\/p>\n<p><a title=\"3e des 20 compagnies les plus dynamiques au Canada\" href=\"http:\/\/focussf.ca\/wp-content\/uploads\/2011\/10\/les_quebecoises.pdf\" target=\"_blank\">L&#8217;Actualit\u00e9 Juin 1998<\/a> &#8211; 3e des 20 compagnies les plus dynamiques au Canada<\/p>\n<p><a title=\"Canada's Fastest Growing Companies\" href=\"http:\/\/focussf.ca\/wp-content\/uploads\/2011\/10\/profit100.pdf\" target=\"_blank\">Profit100 June 1998<\/a> &#8211; Canada&#8217;s Fastest Growing Companies<!--:--><\/p>\n","protected":false},"excerpt":{"rendered":"<p>We had the opportunity to analyze real financial cases over the years and appear in some newspapers: Finance et investissement 06022013 &#8211; Choisir les march\u00e9s \u00e9mergents sans leur volatilit\u00e9 Financeetinvestissement&hellip;<\/p>\n","protected":false},"author":2,"featured_media":0,"parent":0,"menu_order":7,"comment_status":"closed","ping_status":"closed","template":"","meta":{"_lmt_disableupdate":"","_lmt_disable":"","footnotes":""},"class_list":["post-1605","page","type-page","status-publish","hentry"],"aioseo_notices":[],"_links":{"self":[{"href":"https:\/\/focussf.ca\/en\/wp-json\/wp\/v2\/pages\/1605","targetHints":{"allow":["GET"]}}],"collection":[{"href":"https:\/\/focussf.ca\/en\/wp-json\/wp\/v2\/pages"}],"about":[{"href":"https:\/\/focussf.ca\/en\/wp-json\/wp\/v2\/types\/page"}],"author":[{"embeddable":true,"href":"https:\/\/focussf.ca\/en\/wp-json\/wp\/v2\/users\/2"}],"replies":[{"embeddable":true,"href":"https:\/\/focussf.ca\/en\/wp-json\/wp\/v2\/comments?post=1605"}],"version-history":[{"count":0,"href":"https:\/\/focussf.ca\/en\/wp-json\/wp\/v2\/pages\/1605\/revisions"}],"wp:attachment":[{"href":"https:\/\/focussf.ca\/en\/wp-json\/wp\/v2\/media?parent=1605"}],"curies":[{"name":"wp","href":"https:\/\/api.w.org\/{rel}","templated":true}]}}